{"id":2790,"date":"2020-02-10T21:18:51","date_gmt":"2020-02-10T20:18:51","guid":{"rendered":"https:\/\/ffw-magstadt.de\/?page_id=2790"},"modified":"2022-02-07T20:40:22","modified_gmt":"2022-02-07T19:40:22","slug":"112-der-europaweite-notruf","status":"publish","type":"page","link":"https:\/\/ffw-magstadt.de\/?page_id=2790","title":{"rendered":"112, der europaweite Notruf"},"content":{"rendered":"\n<p>Am <strong>11. Februar<\/strong> ist der <strong>Europ\u00e4ische Tag des Notrufs 112<\/strong>. Mit dem Aktionstag soll die lebensrettende Rufnummer 112 in der Bev\u00f6lkerung noch bekannter gemacht werden. Bereits seit \u00fcber 10 Jahren erreichen \u00fcber 500 Millionen B\u00fcrgerinnen und B\u00fcrger der Europ\u00e4ischen Union die Notfalldienste aus allen Fest- und Mobilfunknetzen geb\u00fchrenfrei unter der europaweit einheitlichen <strong>Notrufnummer 112. <\/strong><\/p>\n\n\n\n<p>Wann sollten\nSie die <strong>112<\/strong> anrufen?<\/p>\n\n\n\n<ul class=\"wp-block-list\"><li>W\u00e4hlen Sie die <strong>112<\/strong> im Notfall, um einen\n     Krankenwagen oder die Feuerwehr zu rufen. Wenn Sie zum Beispiel dringend\n     einen Arzt brauchen, Zeuge eines schweren Verkehrsunfalls werden oder\n     feststellen, dass ein Geb\u00e4ude brennt.<\/li><li>Rufen Sie die <strong>112<\/strong> <strong>nicht<\/strong> f\u00fcr\n     Verkehrsmeldungen, Wetterberichte, allgemeine Informationen oder Fragen\n     an. <\/li><li>Unn\u00f6tige Anrufe\n     k\u00f6nnen das System \u00fcberlasten und so das Leben derer gef\u00e4hrden, die\n     wirklich dringend Hilfe ben\u00f6tigen.<\/li><\/ul>\n\n\n\n<p><strong>Niemand<\/strong> muss sich einen Fragenkatalog oder Merks\u00e4tze einpr\u00e4gen um einen\nhilfreichen Notruf am Telefon absetzen zu k\u00f6nnen. Der Disponent am anderen Ende\nder Leitung fragt was er wissen muss. Die Devise lautet: Dran bleiben! <\/p>\n\n\n\n<p>Die wichtigsten Informationen die der Disponent am anderen Ende der Leitung\nwissen m\u00f6chte sind folgende:<\/p>\n\n\n\n<ul class=\"wp-block-list\"><li><strong>Wo ist der Notfallort?<\/strong><\/li><\/ul>\n\n\n\n<p>Hier ist nicht nur die Stra\u00dfe, sondern ebenfalls der\nOrt in dem der Notfall passiert ist wichtig. <\/p>\n\n\n\n<ul class=\"wp-block-list\"><li><strong>Was ist passiert?<\/strong><\/li><\/ul>\n\n\n\n<p>Abh\u00e4ngig davon, um es sich um einen Unfall, ein Feuer\noder einen Herzinfarkt handelt, werden unterschiedliche Einsatzkr\u00e4fte und\nFahrzeuge alarmiert \u2013 bei einem M\u00fclleimerbrand kommt die Feuerwehr mit einem\nL\u00f6schfahrzeug, bei einem Herzinfarkt der Rettungsdienst. &nbsp;<\/p>\n\n\n\n<ul class=\"wp-block-list\"><li><strong>Wer ruft an?<\/strong><\/li><\/ul>\n\n\n\n<p>Sollte sich die Einsatzstelle beispielsweise in einem gro\u00dfen\nWaldgebiet befinden, ist es f\u00fcr die Einsatzkr\u00e4fte hilfreich, dass der Anrufer\nbei Bedarf nochmals kontaktiert werden kann.<\/p>\n\n\n\n<ul class=\"wp-block-list\"><li><strong>Warten auf R\u00fcckfragen!<\/strong><\/li><\/ul>\n\n\n\n<p>Aufregung und Anspannung sind bei einem Notruf normal.\nFalls man in der Hektik eine wichtige Angabe vergessen hat, wird der routinierte\nLeitstellenarbeiter dies abfragen. Daher sollte man niemals als erster\nauflegen, um sicherzugehen, dass der Leitstellendisponent alle wichtigen Informationen\nerhalten hat. <\/p>\n\n\n\n<p>Auch Kinder k\u00f6nnen bereits den <strong>Notruf 112<\/strong> w\u00e4hlen und dadurch Leben retten. Nachfolgend gibt es ein kindergerechtes Video des Landesfeuerwehrverbandes Baden-W\u00fcrttemberg, dass im \u00dcbrigen auch f\u00fcr jeden Erwachsenen lehrreich ist. <\/p>\n\n\n\n<figure class=\"wp-block-embed is-type-video is-provider-youtube wp-block-embed-youtube wp-embed-aspect-16-9 wp-has-aspect-ratio\"><div class=\"wp-block-embed__wrapper\">\n<iframe loading=\"lazy\" title=\"Animationsclip - Notruf\" width=\"810\" height=\"456\" src=\"https:\/\/www.youtube.com\/embed\/YkvIxq9mmI8?start=7&#038;feature=oembed\" frameborder=\"0\" allow=\"accelerometer; autoplay; clipboard-write; encrypted-media; gyroscope; picture-in-picture\" allowfullscreen><\/iframe>\n<\/div><\/figure>\n","protected":false},"excerpt":{"rendered":"<p>Am 11. Februar ist der Europ\u00e4ische Tag des Notrufs 112. Mit dem Aktionstag soll die lebensrettende Rufnummer 112 in der<\/p>\n","protected":false},"author":2,"featured_media":4589,"parent":249,"menu_order":0,"comment_status":"closed","ping_status":"closed","template":"","meta":{"ngg_post_thumbnail":0,"footnotes":""},"class_list":["post-2790","page","type-page","status-publish","has-post-thumbnail","hentry"],"jetpack_sharing_enabled":true,"_links":{"self":[{"href":"https:\/\/ffw-magstadt.de\/index.php?rest_route=\/wp\/v2\/pages\/2790","targetHints":{"allow":["GET"]}}],"collection":[{"href":"https:\/\/ffw-magstadt.de\/index.php?rest_route=\/wp\/v2\/pages"}],"about":[{"href":"https:\/\/ffw-magstadt.de\/index.php?rest_route=\/wp\/v2\/types\/page"}],"author":[{"embeddable":true,"href":"https:\/\/ffw-magstadt.de\/index.php?rest_route=\/wp\/v2\/users\/2"}],"replies":[{"embeddable":true,"href":"https:\/\/ffw-magstadt.de\/index.php?rest_route=%2Fwp%2Fv2%2Fcomments&post=2790"}],"version-history":[{"count":3,"href":"https:\/\/ffw-magstadt.de\/index.php?rest_route=\/wp\/v2\/pages\/2790\/revisions"}],"predecessor-version":[{"id":4585,"href":"https:\/\/ffw-magstadt.de\/index.php?rest_route=\/wp\/v2\/pages\/2790\/revisions\/4585"}],"up":[{"embeddable":true,"href":"https:\/\/ffw-magstadt.de\/index.php?rest_route=\/wp\/v2\/pages\/249"}],"wp:featuredmedia":[{"embeddable":true,"href":"https:\/\/ffw-magstadt.de\/index.php?rest_route=\/wp\/v2\/media\/4589"}],"wp:attachment":[{"href":"https:\/\/ffw-magstadt.de\/index.php?rest_route=%2Fwp%2Fv2%2Fmedia&parent=2790"}],"curies":[{"name":"wp","href":"https:\/\/api.w.org\/{rel}","templated":true}]}}