{"id":230,"date":"2017-12-12T08:49:32","date_gmt":"2017-12-12T08:49:32","guid":{"rendered":"http:\/\/wp11182740.server-he.de\/wordpress\/?page_id=230"},"modified":"2020-05-17T20:48:18","modified_gmt":"2020-05-17T19:48:18","slug":"hilfeleistungsloeschgruppenfahrzeug-hlf20-2","status":"publish","type":"page","link":"https:\/\/ffw-magstadt.de\/?page_id=230","title":{"rendered":"Hilfeleistungsl\u00f6schgruppenfahrzeug &#8211; HLF20"},"content":{"rendered":"<p><a title=\"Das Hilfeleistungsl\u00f6schgruppenfahrzeug der Feuerwehr Magstadt\" href=\"http:\/\/ffw-magstadt.de\/fahrzeuge\/hlf\/hlf-1.jpg\" target=\"_blank\" rel=\"lightbox[hlf] noopener noreferrer\"><img loading=\"lazy\" decoding=\"async\" class=\"aligncenter\" src=\"http:\/\/ffw-magstadt.de\/fahrzeuge\/hlf\/hlf-1.jpg\" alt=\"\" width=\"550\" height=\"549\" name=\"fahrzeug\" border=\"0\" \/><\/a><\/p>\n<h2>Beschreibung:<\/h2>\n<p>Das Hilfeleistungsl\u00f6schgruppenfahrzeug ist f\u00fcr L\u00f6scheins\u00e4tze und technischen Hilfeleistungen, wie z. B. Verkehrsunf\u00e4lle und Hochwasser, konzipiert. Es ist im R\u00fcstzug das 2. und im L\u00f6schzug das 3. Gro\u00dffahrzeug! Bei Hochwassereins\u00e4tzen oder unter Wasser stehenden Kellern ist es das 1. Gro\u00dffahrzeug.<\/p>\n<h2>Fahrzeugdaten:<\/h2>\n<p><b>Bezeichnung:<\/b> HLF20<br \/>\n<b>Leistung:<\/b> 210kw<br \/>\n<b>Fabrikat:<\/b> Mercedes Atego<br \/>\n<b>Allrad \/ Getriebeart:<\/b> Ja \/ Automatik<br \/>\n<b>Aufbau:<\/b> Magirus<br \/>\n<b>Funkrufname:<\/b> Florian Magstadt 46<br \/>\n<b>Baujahr:<\/b> 2015<br \/>\n<b>Besatzung:<\/b> 1\/8<\/p>\n<h2>Beladung:<\/h2>\n<p><a title=\"Hydraulischer Rettungssatz\" href=\"http:\/\/ffw-magstadt.de\/fahrzeuge\/beladung\/rettungssatzlf.jpg\" rel=\"lightbox[beladung]\"><img decoding=\"async\" src=\"http:\/\/ffw-magstadt.de\/fahrzeuge\/beladung\/rettungssatzlf.jpg\" width=\"90\" border=\"0\" \/>\u00a0 Hydraulischer Rettungssatz<\/a><\/p>\n<p><a title=\"Stab-Fast Stabilisierungssystem\" href=\"http:\/\/ffw-magstadt.de\/fahrzeuge\/beladung\/stabfast.jpg\" rel=\"lightbox[beladung]\"><img decoding=\"async\" src=\"http:\/\/ffw-magstadt.de\/fahrzeuge\/beladung\/stabfast.jpg\" width=\"90\" border=\"0\" \/>\u00a0 Stab-Fast Stabilisierungssystem<\/a><\/p>\n<p><a title=\"Unterbaumaterial Stab-Pack\" href=\"http:\/\/ffw-magstadt.de\/fahrzeuge\/beladung\/stabpack.jpg\" rel=\"lightbox[beladung]\"><img decoding=\"async\" src=\"http:\/\/ffw-magstadt.de\/fahrzeuge\/beladung\/stabpack.jpg\" width=\"90\" border=\"0\" \/>\u00a0 Unterbaumaterial Stab-Pack<\/a><\/p>\n<p><a title=\"S\u00e4bels\u00e4ge\" href=\"http:\/\/ffw-magstadt.de\/fahrzeuge\/beladung\/saebelsage.JPG\" rel=\"lightbox[beladung]\"><img decoding=\"async\" src=\"http:\/\/ffw-magstadt.de\/fahrzeuge\/beladung\/saebelsage.JPG\" width=\"90\" border=\"0\" \/>\u00a0 S\u00e4bels\u00e4ge<\/a><\/p>\n<p><a title=\"Halligan Tool\" href=\"http:\/\/ffw-magstadt.de\/fahrzeuge\/beladung\/tool.jpg\" rel=\"lightbox[beladung]\"><img decoding=\"async\" src=\"http:\/\/ffw-magstadt.de\/fahrzeuge\/beladung\/tool.jpg\" width=\"90\" border=\"0\" \/>\u00a0 Halligan Tool<\/a><\/p>\n<p><a title=\"Plasmaschneider\" href=\"http:\/\/ffw-magstadt.de\/fahrzeuge\/beladung\/plasma.JPG\" rel=\"lightbox[beladung]\"><img decoding=\"async\" src=\"http:\/\/ffw-magstadt.de\/fahrzeuge\/beladung\/plasma.JPG\" width=\"90\" border=\"0\" \/>\u00a0 Plasmaschneidger\u00e4t<\/a><\/p>\n<p><a title=\"Spannungsmessger\u00e4t\" href=\"http:\/\/ffw-magstadt.de\/fahrzeuge\/beladung\/spannung.jpg\" rel=\"lightbox[beladung]\"><img decoding=\"async\" src=\"http:\/\/ffw-magstadt.de\/fahrzeuge\/beladung\/spannung.jpg\" width=\"90\" border=\"0\" \/>\u00a0 Spannungsmessger\u00e4t<\/a><\/p>\n<p><a title=\"Schmutzwasserpumpe Modell Chiemsee\" href=\"http:\/\/ffw-magstadt.de\/fahrzeuge\/beladung\/chiemsee.JPG\" rel=\"lightbox[beladung]\"><img decoding=\"async\" src=\"http:\/\/ffw-magstadt.de\/fahrzeuge\/beladung\/chiemsee.JPG\" width=\"90\" border=\"0\" \/>\u00a0 Schmutzwasserpumpe Modell Chiemsee<\/a><\/p>\n<p><a title=\"Tauchpumpe\" href=\"http:\/\/ffw-magstadt.de\/fahrzeuge\/beladung\/tauchpumpe.JPG\" rel=\"lightbox[beladung]\"><img decoding=\"async\" src=\"http:\/\/ffw-magstadt.de\/fahrzeuge\/beladung\/tauchpumpe.JPG\" width=\"90\" border=\"0\" \/>\u00a0 Tauchpumpe<\/a><\/p>\n<p><a title=\"Wassersauger\" href=\"http:\/\/ffw-magstadt.de\/fahrzeuge\/beladung\/wassersauger.JPG\" rel=\"lightbox[beladung]\"><img decoding=\"async\" src=\"http:\/\/ffw-magstadt.de\/fahrzeuge\/beladung\/wassersauger.JPG\" width=\"90\" border=\"0\" \/>\u00a0 Wassersauger<\/a><\/p>\n<p><a title=\"Notfallkofferpumpe\" href=\"http:\/\/ffw-magstadt.de\/fahrzeuge\/beladung\/kofferpumpe.JPG\" rel=\"lightbox[beladung]\"><img decoding=\"async\" src=\"http:\/\/ffw-magstadt.de\/fahrzeuge\/beladung\/kofferpumpe.JPG\" width=\"90\" border=\"0\" \/>\u00a0 Notfallkofferpumpe<\/a><\/p>\n<p><a title=\"Werkzeugkasten\" href=\"http:\/\/ffw-magstadt.de\/fahrzeuge\/beladung\/werkzeug.jpg\" rel=\"lightbox[beladung]\"><img decoding=\"async\" src=\"http:\/\/ffw-magstadt.de\/fahrzeuge\/beladung\/werkzeug.jpg\" width=\"90\" border=\"0\" \/>\u00a0 Werkzeugkasten<\/a><\/p>\n<p><b>weitere Beladung:<\/b><br \/>\n1 800 Liter Wassertank<br \/>\n190 Liter Schaumtank<br \/>\n\u00d6lbindemittel<br \/>\n3-teilige Schiebeleiter<br \/>\n4-teilige Steckleiter<\/p>\n<h2>weitere Bilder:<\/h2>\n<p><a href=\"http:\/\/ffw-magstadt.de\/fahrzeuge\/hlf\/hlf-2.JPG\" target=\"_blank\" rel=\"lightbox[hlf] noopener noreferrer\"><img loading=\"lazy\" decoding=\"async\" class=\"alignnone\" src=\"http:\/\/ffw-magstadt.de\/fahrzeuge\/hlf\/hlf-2.JPG\" alt=\"\" width=\"120\" height=\"526\" border=\"0\" \/><\/a><br \/>\n<a href=\"http:\/\/ffw-magstadt.de\/fahrzeuge\/hlf\/hlf-3.JPG\" target=\"_blank\" rel=\"lightbox[hlf] noopener noreferrer\"><img loading=\"lazy\" decoding=\"async\" class=\"alignnone\" src=\"http:\/\/ffw-magstadt.de\/fahrzeuge\/hlf\/hlf-3.JPG\" alt=\"\" width=\"120\" height=\"540\" border=\"0\" \/><\/a><br \/>\n<a href=\"http:\/\/ffw-magstadt.de\/fahrzeuge\/hlf\/hlf-4.JPG\" target=\"_blank\" rel=\"lightbox[hlf] noopener noreferrer\"><img loading=\"lazy\" decoding=\"async\" class=\"alignnone\" src=\"http:\/\/ffw-magstadt.de\/fahrzeuge\/hlf\/hlf-4.JPG\" alt=\"\" width=\"120\" height=\"540\" border=\"0\" \/><\/a><br \/>\n<a href=\"http:\/\/ffw-magstadt.de\/fahrzeuge\/hlf\/hlf-5.JPG\" target=\"_blank\" rel=\"lightbox[hlf] noopener noreferrer\"><img loading=\"lazy\" decoding=\"async\" class=\"alignnone\" src=\"http:\/\/ffw-magstadt.de\/fahrzeuge\/hlf\/hlf-5.JPG\" alt=\"\" width=\"120\" height=\"576\" border=\"0\" \/><\/a><\/p>\n","protected":false},"excerpt":{"rendered":"<p>Beschreibung: Das Hilfeleistungsl\u00f6schgruppenfahrzeug ist f\u00fcr L\u00f6scheins\u00e4tze und technischen Hilfeleistungen, wie z. B. Verkehrsunf\u00e4lle und Hochwasser, konzipiert. Es ist im R\u00fcstzug<\/p>\n","protected":false},"author":1,"featured_media":0,"parent":108,"menu_order":0,"comment_status":"closed","ping_status":"closed","template":"","meta":{"ngg_post_thumbnail":0,"footnotes":""},"class_list":["post-230","page","type-page","status-publish","hentry"],"jetpack_sharing_enabled":true,"_links":{"self":[{"href":"https:\/\/ffw-magstadt.de\/index.php?rest_route=\/wp\/v2\/pages\/230","targetHints":{"allow":["GET"]}}],"collection":[{"href":"https:\/\/ffw-magstadt.de\/index.php?rest_route=\/wp\/v2\/pages"}],"about":[{"href":"https:\/\/ffw-magstadt.de\/index.php?rest_route=\/wp\/v2\/types\/page"}],"author":[{"embeddable":true,"href":"https:\/\/ffw-magstadt.de\/index.php?rest_route=\/wp\/v2\/users\/1"}],"replies":[{"embeddable":true,"href":"https:\/\/ffw-magstadt.de\/index.php?rest_route=%2Fwp%2Fv2%2Fcomments&post=230"}],"version-history":[{"count":4,"href":"https:\/\/ffw-magstadt.de\/index.php?rest_route=\/wp\/v2\/pages\/230\/revisions"}],"predecessor-version":[{"id":3111,"href":"https:\/\/ffw-magstadt.de\/index.php?rest_route=\/wp\/v2\/pages\/230\/revisions\/3111"}],"up":[{"embeddable":true,"href":"https:\/\/ffw-magstadt.de\/index.php?rest_route=\/wp\/v2\/pages\/108"}],"wp:attachment":[{"href":"https:\/\/ffw-magstadt.de\/index.php?rest_route=%2Fwp%2Fv2%2Fmedia&parent=230"}],"curies":[{"name":"wp","href":"https:\/\/api.w.org\/{rel}","templated":true}]}}